{"id":329,"date":"2025-11-14T10:17:15","date_gmt":"2025-11-14T09:17:15","guid":{"rendered":"http:\/\/histovear.de\/?page_id=329"},"modified":"2025-11-26T15:01:53","modified_gmt":"2025-11-26T14:01:53","slug":"future-home","status":"publish","type":"page","link":"https:\/\/histovear.de\/en\/","title":{"rendered":"(Future) Home"},"content":{"rendered":"<div class=\"wp-block-group alignfull has-global-padding is-layout-constrained wp-block-group-is-layout-constrained\">\n<h2 class=\"wp-block-heading is-style-default\" style=\"padding-top:var(--wp--preset--spacing--50)\">About HistoVeaR<\/h2>\n\n\n\n<div class=\"wp-block-columns is-layout-flex wp-container-core-columns-is-layout-7d874bf9 wp-block-columns-is-layout-flex\" style=\"margin-top:0;margin-bottom:0;padding-top:0;padding-bottom:0\">\n<div class=\"wp-block-column is-layout-flow wp-block-column-is-layout-flow\">\n<p>Clothing is a mirror of its time. It is fast-changing, diverse, and reveals an incredible amount about how people once lived. That\u2019s why historical garments are true treasures \u2013 windows into another world. But there\u2019s a problem: over the years, oxygen, light, and microbes break down old fabrics. To prevent this, these treasures are carefully protected in museums and collections. Visitors, however, can hardly imagine what this clothing once looked like when worn or in motion.<\/p>\n\n\n\n<p>Most preserved garments are extremely sensitive. They need to be stored under special conditions and can under no circumstances be worn. While understandable, an important aspect is lost: the feeling. What does the fabric feel like? How does it flow? How does one move while wearing it? Everything that makes clothing special \u2013 the interaction with the human body \u2013 gets lost.<\/p>\n\n\n\n<p>Our project, HistoVeaR, targets exactly this issue.<\/p>\n\n\n\n<p>We\u2019re taking these garments out of the display cases and storage boxes of museum archives \u2013 digitally. Our goal is to reconstruct historical clothing in 3D based on real historical garments and their material properties, animate them, and bring them to life in virtual reality (VR).<\/p>\n<\/div>\n<\/div>\n\n\n\n<div class=\"wp-block-buttons is-layout-flex wp-block-buttons-is-layout-flex\" style=\"margin-top:var(--wp--preset--spacing--50);margin-bottom:var(--wp--preset--spacing--50)\">\n<div class=\"wp-block-button has-custom-width wp-block-button__width-25\"><a class=\"wp-block-button__link has-medium-font-size has-custom-font-size wp-element-button\" rel=\"http:\/\/histovear.de\/about\/\">More \u2192<\/a><\/div>\n<\/div>\n\n\n\n<hr class=\"wp-block-separator has-alpha-channel-opacity is-style-default\" style=\"margin-top:var(--wp--preset--spacing--50);margin-bottom:var(--wp--preset--spacing--50)\"\/>\n<\/div>\n\n\n\n<div class=\"wp-block-group has-global-padding is-layout-constrained wp-block-group-is-layout-constrained\">\n<h1 class=\"wp-block-heading\" style=\"padding-top:0;padding-bottom:0\">Latest Posts<\/h1>\n\n\n<ul style=\"border-radius:0px;border-style:none;border-width:0px; padding-right:0;padding-left:0;padding-top:0;padding-bottom:0;margin-right:0;margin-left:0;\" class=\"wp-block-latest-posts__list is-grid columns-3 wp-block-latest-posts\"><li><div class=\"wp-block-latest-posts__featured-image aligncenter\"><img loading=\"lazy\" decoding=\"async\" width=\"600\" height=\"338\" src=\"https:\/\/histovear.de\/wp-content\/uploads\/2026\/02\/Blog_25_11_18_img01-600x338.jpg\" class=\"attachment-thumbnail size-thumbnail wp-post-image\" alt=\"\" style=\"\" \/><\/div><a class=\"wp-block-latest-posts__post-title\" href=\"https:\/\/histovear.de\/en\/2025\/11\/18\/konsortiumstreffen-in-der-textilfabrik-cromford-in-ratingen\/\">Consortium Meeting at Textile Factory Cromfort in Ratingen<\/a><div class=\"wp-block-latest-posts__post-excerpt\">Am 18. November 2025 trafen sich die Partner des Forschungsprojekts HistoVeaR im LVR-Industriemuseum Textilfabrik Cromford in Ratingen. Ziel der Veranstaltung war es, das assoziierte Museum kennenzulernen, sich \u00fcber Anforderungen auszutauschen und\u2026 <a class=\"wp-block-latest-posts__read-more\" href=\"https:\/\/histovear.de\/en\/2025\/11\/18\/konsortiumstreffen-in-der-textilfabrik-cromford-in-ratingen\/\" rel=\"noopener noreferrer\">Read more<span class=\"screen-reader-text\">: Konsortiumstreffen in der Textilfabrik Cromford in Ratingen<\/span><\/a><\/div><\/li>\n<li><div class=\"wp-block-latest-posts__featured-image aligncenter\"><img loading=\"lazy\" decoding=\"async\" width=\"600\" height=\"338\" src=\"https:\/\/histovear.de\/wp-content\/uploads\/2025\/11\/PXL_20250611_103100030-600x338.jpeg\" class=\"attachment-thumbnail size-thumbnail wp-post-image\" alt=\"\" style=\"\" \/><\/div><a class=\"wp-block-latest-posts__post-title\" href=\"https:\/\/histovear.de\/en\/2025\/06\/11\/kick-off-meeting-world-of-vr\/\">Kick-Off Meeting @ World of VR<\/a><div class=\"wp-block-latest-posts__post-excerpt\">Es geht los! Unser Kick-Off zum Projekt &#8222;HistoVeaR\u201d Am 11. Juni 2025 war es endlich so weit: Die offizielle Kick-Off Veranstaltung f\u00fcr unser spannendes Forschungsprojekt hat stattgefunden! Wir trafen uns zum\u2026 <a class=\"wp-block-latest-posts__read-more\" href=\"https:\/\/histovear.de\/en\/2025\/06\/11\/kick-off-meeting-world-of-vr\/\" rel=\"noopener noreferrer\">Read more<span class=\"screen-reader-text\">: Kick-Off Meeting @ World of VR<\/span><\/a><\/div><\/li>\n<\/ul>\n\n\n<div class=\"wp-block-buttons is-layout-flex wp-block-buttons-is-layout-flex\" style=\"margin-top:var(--wp--preset--spacing--40);margin-bottom:var(--wp--preset--spacing--40)\">\n<div class=\"wp-block-button has-custom-width wp-block-button__width-25\"><a class=\"wp-block-button__link has-medium-font-size has-custom-font-size wp-element-button\" href=\"http:\/\/histovear.de\/en\/blog\/\" rel=\"http:\/\/histovear.de\/about\/\">More \u2192<\/a><\/div>\n<\/div>\n<\/div>","protected":false},"excerpt":{"rendered":"<p>\u00dcber HistoVeaR Kleidung ist immer ein Spiegel der Zeit. Sie kann schnelllebig sein, vielf\u00e4ltig und verr\u00e4t unglaublich viel dar\u00fcber, wie Menschen in der Vergangenheit gelebt haben. Historische Kleidung ist deshalb ein echter Schatz \u2013 ein Fenster in eine andere Welt. Aber es gibt ein Problem: \u00dcber die Jahre zersetzen Sauerstoff, Licht und Mikrobakterien die alten [&hellip;]<\/p>","protected":false},"author":3,"featured_media":0,"parent":0,"menu_order":0,"comment_status":"closed","ping_status":"closed","template":"about","meta":{"inline_featured_image":false,"footnotes":""},"class_list":["post-329","page","type-page","status-publish","hentry"],"_links":{"self":[{"href":"https:\/\/histovear.de\/en\/wp-json\/wp\/v2\/pages\/329","targetHints":{"allow":["GET"]}}],"collection":[{"href":"https:\/\/histovear.de\/en\/wp-json\/wp\/v2\/pages"}],"about":[{"href":"https:\/\/histovear.de\/en\/wp-json\/wp\/v2\/types\/page"}],"author":[{"embeddable":true,"href":"https:\/\/histovear.de\/en\/wp-json\/wp\/v2\/users\/3"}],"replies":[{"embeddable":true,"href":"https:\/\/histovear.de\/en\/wp-json\/wp\/v2\/comments?post=329"}],"version-history":[{"count":10,"href":"https:\/\/histovear.de\/en\/wp-json\/wp\/v2\/pages\/329\/revisions"}],"predecessor-version":[{"id":441,"href":"https:\/\/histovear.de\/en\/wp-json\/wp\/v2\/pages\/329\/revisions\/441"}],"wp:attachment":[{"href":"https:\/\/histovear.de\/en\/wp-json\/wp\/v2\/media?parent=329"}],"curies":[{"name":"wp","href":"https:\/\/api.w.org\/{rel}","templated":true}]}}